{"id":92,"date":"2025-06-08T13:38:29","date_gmt":"2025-06-08T13:38:29","guid":{"rendered":"https:\/\/www.barbara-slawig.de\/wp\/?page_id=92"},"modified":"2025-10-23T14:30:35","modified_gmt":"2025-10-23T14:30:35","slug":"impressum","status":"publish","type":"page","link":"https:\/\/www.barbara-slawig.de\/?page_id=92","title":{"rendered":"Impressum"},"content":{"rendered":"\n<p>Die Adresse meiner Website ist: https:\/\/www.barbara-slawig.de\/wp<\/p>\n\n\n\n<p style=\"line-height:1.3\"><strong>Angaben gem\u00e4\u00df \u00a7 5 TMG:<\/strong><br>Inhaberin der Website:<br>Barbara Slawig<br>Georg-B\u00fcchner-Str. 4<br>34346 Hann. M\u00fcnden<br>Telefon: 0152 56 30 53 75<br>E-Mail: <a href=\"mailto:jargus@snafu.de\">jargus@snafu.de<\/a><\/p>\n\n\n\n<p style=\"line-height:1.2\"><strong>Verantwortlich f\u00fcr den Inhalt nach \u00a7 55 Abs. 2 RStV:<\/strong><br>Barbara Slawig<br>Georg-B\u00fcchner-Str. 4<br>34346 Hann. M\u00fcnden<\/p>\n\n\n\n<p><strong>Urheberrecht:<\/strong> Alle von mir erstellten Inhalte auf dieser Website unterliegen dem deutschen Urheberrecht. Downloads und Kopien sind nur f\u00fcr den privaten, nicht kommerziellen Gebrauch gestattet. Jede weitere Nutzung der Inhalte bedarf meiner schriftlichen Zustimmung.<\/p>\n\n\n\n<p>Inhalte, die nicht von mir erstellt wurden, sind als Inhalte Dritter gekennzeichnet; bei ihrer Nutzung wurden die jeweiligen Urheberrechte Dritter beachtet. Sollten Sie trotzdem auf eine Urheberrechtsverletzung aufmerksam werden, bitte ich  Sie um einen entsprechenden Hinweis. Rechtsverletzungen werden umgehend behoben.<\/p>\n\n\n\n<p><strong>Haftungsausschluss:<\/strong> Diese Website enth\u00e4lt Links zu anderen Websites, auf deren Inhalte ich keinen Einfluss habe und f\u00fcr die ich folglich keine Gew\u00e4hr \u00fcbernehmen kann. Zum Zeitpunkt der Verlinkung waren auf diesen Seiten keine rechtswidrigen Inhalte erkennbar. Sollten mir Rechtsverletzungen bekannt werden, werde ich die entsprechenden Links umgehend entfernen.<\/p>\n\n\n\n<p><\/p>\n","protected":false},"excerpt":{"rendered":"<p>Die Adresse meiner Website ist: https:\/\/www.barbara-slawig.de\/wp Angaben gem\u00e4\u00df \u00a7 5 TMG:Inhaberin der Website:Barbara SlawigGeorg-B\u00fcchner-Str. 434346 Hann. M\u00fcndenTelefon: 0152 56 30 53 75E-Mail: jargus@snafu.de Verantwortlich f\u00fcr den Inhalt nach \u00a7 55 Abs. 2 RStV:Barbara SlawigGeorg-B\u00fcchner-Str. 434346 Hann. M\u00fcnden Urheberrecht: Alle von mir erstellten Inhalte auf dieser Website unterliegen dem deutschen Urheberrecht. Downloads und Kopien sind nur [&hellip;]<\/p>\n","protected":false},"author":1,"featured_media":0,"parent":0,"menu_order":0,"comment_status":"closed","ping_status":"closed","template":"themenseite","meta":{"footnotes":""},"class_list":["post-92","page","type-page","status-publish","hentry"],"_links":{"self":[{"href":"https:\/\/www.barbara-slawig.de\/index.php?rest_route=\/wp\/v2\/pages\/92","targetHints":{"allow":["GET"]}}],"collection":[{"href":"https:\/\/www.barbara-slawig.de\/index.php?rest_route=\/wp\/v2\/pages"}],"about":[{"href":"https:\/\/www.barbara-slawig.de\/index.php?rest_route=\/wp\/v2\/types\/page"}],"author":[{"embeddable":true,"href":"https:\/\/www.barbara-slawig.de\/index.php?rest_route=\/wp\/v2\/users\/1"}],"replies":[{"embeddable":true,"href":"https:\/\/www.barbara-slawig.de\/index.php?rest_route=%2Fwp%2Fv2%2Fcomments&post=92"}],"version-history":[{"count":6,"href":"https:\/\/www.barbara-slawig.de\/index.php?rest_route=\/wp\/v2\/pages\/92\/revisions"}],"predecessor-version":[{"id":257,"href":"https:\/\/www.barbara-slawig.de\/index.php?rest_route=\/wp\/v2\/pages\/92\/revisions\/257"}],"wp:attachment":[{"href":"https:\/\/www.barbara-slawig.de\/index.php?rest_route=%2Fwp%2Fv2%2Fmedia&parent=92"}],"curies":[{"name":"wp","href":"https:\/\/api.w.org\/{rel}","templated":true}]}}