{"id":16,"date":"2025-05-04T17:35:53","date_gmt":"2025-05-04T17:35:53","guid":{"rendered":"https:\/\/www.barbara-slawig.de\/wp\/?page_id=16"},"modified":"2025-10-23T17:51:01","modified_gmt":"2025-10-23T15:51:01","slug":"barbara-slawig","status":"publish","type":"page","link":"https:\/\/www.barbara-slawig.de\/","title":{"rendered":"Barbara Slawig"},"content":{"rendered":"\n<p>Willkommen auf meiner Autoren-Website.<\/p>\n\n\n\n<p>Hier finden Sie Informationen zu meinen Romanen, Erz\u00e4hlungen und \u00dcbersetzungen, und Sie erfahren etwas \u00fcber mich.<\/p>\n\n\n\n<p>Unter \u201eLieblingslekt\u00fcre\u201c stelle ich in lockerer Folge B\u00fccher vor, die mich besonders beeindruckt haben.<\/p>\n","protected":false},"excerpt":{"rendered":"<p>Willkommen auf meiner Autoren-Website. Hier finden Sie Informationen zu meinen Romanen, Erz\u00e4hlungen und \u00dcbersetzungen, und Sie erfahren etwas \u00fcber mich. Unter \u201eLieblingslekt\u00fcre\u201c stelle ich in lockerer Folge B\u00fccher vor, die mich besonders beeindruckt haben.<\/p>\n","protected":false},"author":1,"featured_media":0,"parent":0,"menu_order":0,"comment_status":"closed","ping_status":"closed","template":"startseite","meta":{"footnotes":""},"class_list":["post-16","page","type-page","status-publish","hentry"],"_links":{"self":[{"href":"https:\/\/www.barbara-slawig.de\/index.php?rest_route=\/wp\/v2\/pages\/16","targetHints":{"allow":["GET"]}}],"collection":[{"href":"https:\/\/www.barbara-slawig.de\/index.php?rest_route=\/wp\/v2\/pages"}],"about":[{"href":"https:\/\/www.barbara-slawig.de\/index.php?rest_route=\/wp\/v2\/types\/page"}],"author":[{"embeddable":true,"href":"https:\/\/www.barbara-slawig.de\/index.php?rest_route=\/wp\/v2\/users\/1"}],"replies":[{"embeddable":true,"href":"https:\/\/www.barbara-slawig.de\/index.php?rest_route=%2Fwp%2Fv2%2Fcomments&post=16"}],"version-history":[{"count":4,"href":"https:\/\/www.barbara-slawig.de\/index.php?rest_route=\/wp\/v2\/pages\/16\/revisions"}],"predecessor-version":[{"id":260,"href":"https:\/\/www.barbara-slawig.de\/index.php?rest_route=\/wp\/v2\/pages\/16\/revisions\/260"}],"wp:attachment":[{"href":"https:\/\/www.barbara-slawig.de\/index.php?rest_route=%2Fwp%2Fv2%2Fmedia&parent=16"}],"curies":[{"name":"wp","href":"https:\/\/api.w.org\/{rel}","templated":true}]}}